{"id":17,"date":"2025-11-14T08:05:39","date_gmt":"2025-11-14T08:05:39","guid":{"rendered":"https:\/\/ombrandstudio.com\/?page_id=17"},"modified":"2026-04-06T13:20:06","modified_gmt":"2026-04-06T13:20:06","slug":"inicio","status":"publish","type":"page","link":"https:\/\/ombrandstudio.com\/","title":{"rendered":"Inicio"},"content":{"rendered":"\n<figure class=\"wp-block-video\"><video height=\"1080\" style=\"aspect-ratio: 1920 \/ 1080;\" width=\"1920\" autoplay loop muted src=\"https:\/\/ombrandstudio.com\/wp-content\/uploads\/2025\/11\/caratulawebOmBrand.mp4\" playsinline><\/video><\/figure>\n\n\n\n<div class=\"wp-block-group alignfull has-ast-global-color-4-background-color has-background is-layout-constrained wp-container-core-group-is-layout-6a2cfb7b wp-block-group-is-layout-constrained\" id=\"reviews\">\n<p class=\"has-text-align-center\" style=\"font-size:22px;line-height:1.6\"><strong>Construyo marcas que conectan, inspiran y venden.<\/strong><\/p>\n\n\n\n<p class=\"has-text-align-center\"><strong>Branding, copywriting y dise\u00f1o con alma para emprendedoras y peque\u00f1as empresas que buscan diferenciarse.<\/strong><\/p>\n\n\n\n<div class=\"wp-block-group alignwide is-vertical is-content-justification-stretch is-nowrap is-layout-flex wp-container-core-group-is-layout-73b0033c wp-block-group-is-layout-flex\">\n<div class=\"wp-block-buttons is-content-justification-center is-layout-flex wp-container-core-buttons-is-layout-a89b3969 wp-block-buttons-is-layout-flex\">\n<div class=\"wp-block-button\"><a class=\"wp-block-button__link has-background has-text-align-center wp-element-button\" href=\"olga@ombrandstudio.com\" style=\"background-color:#b3afad\"><strong>Empieza tu marca conmigo<\/strong><\/a><\/div>\n<\/div>\n\n\n\n<p class=\"has-text-align-center\" style=\"font-size:22px;line-height:1.6\"><p class=\"has-text-align-center\" style=\"font-size:22px;line-height:1.6\"><strong> <\/strong><\/p><\/p>\n<\/div>\n<\/div>\n\n\n\n<div class=\"wp-block-group alignfull has-ast-global-color-5-background-color has-background is-layout-constrained wp-container-core-group-is-layout-9cedb757 wp-block-group-is-layout-constrained\" style=\"padding-bottom:0px\">\n<div class=\"wp-block-columns are-vertically-aligned-top is-layout-flex wp-container-core-columns-is-layout-00723822 wp-block-columns-is-layout-flex\">\n<div class=\"wp-block-column is-vertically-aligned-top is-layout-flow wp-container-core-column-is-layout-6b73ce23 wp-block-column-is-layout-flow\">\n<figure class=\"wp-block-image size-full is-resized wp-duotone-unset-1\"><img loading=\"lazy\" decoding=\"async\" width=\"317\" height=\"317\" src=\"https:\/\/ombrandstudio.com\/wp-content\/uploads\/2025\/11\/Sin-titulo-7.png\" alt=\"\" class=\"wp-image-113\" style=\"width:48px;height:auto\" srcset=\"https:\/\/ombrandstudio.com\/wp-content\/uploads\/2025\/11\/Sin-titulo-7.png 317w, https:\/\/ombrandstudio.com\/wp-content\/uploads\/2025\/11\/Sin-titulo-7-300x300.png 300w, https:\/\/ombrandstudio.com\/wp-content\/uploads\/2025\/11\/Sin-titulo-7-150x150.png 150w\" sizes=\"auto, (max-width: 317px) 100vw, 317px\" \/><\/figure>\n\n\n\n<h3 class=\"wp-block-heading has-text-align-left\" style=\"margin-top:16px\">Branding &amp; Marca Personal<\/h3>\n\n\n\n<p class=\"has-text-align-left\">Construyo identidades visuales que transmiten esencia, prop\u00f3sito y estilo.<\/p>\n\n\n\n<p class=\"has-text-align-left\">Una marca que habla por ti incluso cuando t\u00fa no est\u00e1s, dise\u00f1ada con intenci\u00f3n y coherencia.<\/p>\n<\/div>\n\n\n\n<div class=\"wp-block-column is-vertically-aligned-top is-layout-flow wp-container-core-column-is-layout-6b73ce23 wp-block-column-is-layout-flow\">\n<figure class=\"wp-block-image size-full is-resized\"><img loading=\"lazy\" decoding=\"async\" width=\"307\" height=\"307\" src=\"https:\/\/ombrandstudio.com\/wp-content\/uploads\/2025\/11\/Sin-titulo-6-1.png\" alt=\"\" class=\"wp-image-115\" style=\"width:50px;height:auto\" srcset=\"https:\/\/ombrandstudio.com\/wp-content\/uploads\/2025\/11\/Sin-titulo-6-1.png 307w, https:\/\/ombrandstudio.com\/wp-content\/uploads\/2025\/11\/Sin-titulo-6-1-300x300.png 300w, https:\/\/ombrandstudio.com\/wp-content\/uploads\/2025\/11\/Sin-titulo-6-1-150x150.png 150w\" sizes=\"auto, (max-width: 307px) 100vw, 307px\" \/><\/figure>\n\n\n\n<h3 class=\"wp-block-heading has-text-align-left\" style=\"margin-top:16px\">Copywriting &amp; Contenido SEO<\/h3>\n\n\n\n<p class=\"has-text-align-left\">Escribo palabras que tocan, conectan y gu\u00edan.<\/p>\n\n\n\n<p class=\"has-text-align-left\">Textos que reflejan tu voz, cuentan tu historia y convierten a tu audiencia en clientes fieles.<\/p>\n<\/div>\n\n\n\n<div class=\"wp-block-column is-vertically-aligned-top is-layout-flow wp-container-core-column-is-layout-ce02884d wp-block-column-is-layout-flow\">\n<figure class=\"wp-block-image size-full is-resized\"><img loading=\"lazy\" decoding=\"async\" width=\"321\" height=\"321\" src=\"https:\/\/ombrandstudio.com\/wp-content\/uploads\/2025\/11\/Sin-titulo-5.png\" alt=\"\" class=\"wp-image-111\" style=\"width:50px;height:auto\" srcset=\"https:\/\/ombrandstudio.com\/wp-content\/uploads\/2025\/11\/Sin-titulo-5.png 321w, https:\/\/ombrandstudio.com\/wp-content\/uploads\/2025\/11\/Sin-titulo-5-300x300.png 300w, https:\/\/ombrandstudio.com\/wp-content\/uploads\/2025\/11\/Sin-titulo-5-150x150.png 150w\" sizes=\"auto, (max-width: 321px) 100vw, 321px\" \/><\/figure>\n\n\n\n<h3 class=\"wp-block-heading has-text-align-left\" style=\"margin-top:16px\">Dise\u00f1o Editorial y Creativo<\/h3>\n\n\n\n<p class=\"has-text-align-left\">Transformo tu conocimiento en experiencias visuales.<\/p>\n\n\n\n<p class=\"has-text-align-left\">Ebooks, gu\u00edas y materiales digitales con est\u00e9tica elegante, calma y sentido.<\/p>\n<\/div>\n<\/div>\n<\/div>\n\n\n\n<div class=\"wp-block-group alignfull has-ast-global-color-5-background-color has-background is-layout-constrained wp-container-core-group-is-layout-9cedb757 wp-block-group-is-layout-constrained\" style=\"padding-bottom:0px\">\n<div class=\"wp-block-columns are-vertically-aligned-top is-layout-flex wp-container-core-columns-is-layout-00723822 wp-block-columns-is-layout-flex\">\n<div class=\"wp-block-column is-vertically-aligned-top is-layout-flow wp-container-core-column-is-layout-6b73ce23 wp-block-column-is-layout-flow\">\n<figure class=\"wp-block-image size-full is-resized\"><img loading=\"lazy\" decoding=\"async\" width=\"309\" height=\"309\" src=\"https:\/\/ombrandstudio.com\/wp-content\/uploads\/2025\/11\/Sin-titulo-4.png\" alt=\"\" class=\"wp-image-112\" style=\"width:52px;height:auto\" srcset=\"https:\/\/ombrandstudio.com\/wp-content\/uploads\/2025\/11\/Sin-titulo-4.png 309w, https:\/\/ombrandstudio.com\/wp-content\/uploads\/2025\/11\/Sin-titulo-4-300x300.png 300w, https:\/\/ombrandstudio.com\/wp-content\/uploads\/2025\/11\/Sin-titulo-4-150x150.png 150w\" sizes=\"auto, (max-width: 309px) 100vw, 309px\" \/><\/figure>\n\n\n\n<h3 class=\"wp-block-heading has-text-align-left\" style=\"margin-top:16px\">Automatizaci\u00f3n &amp; Embudos<\/h3>\n\n\n\n<p class=\"has-text-align-left\">Creo sistemas inteligentes que te liberan tiempo y energ\u00eda.<\/p>\n\n\n\n<p class=\"has-text-align-left\">Embudos, emails y procesos que trabajan por ti mientras t\u00fa te enfocas en crear.<\/p>\n<\/div>\n\n\n\n<div class=\"wp-block-column is-vertically-aligned-top is-layout-flow wp-container-core-column-is-layout-6b73ce23 wp-block-column-is-layout-flow\">\n<figure class=\"wp-block-image size-full is-resized\"><img loading=\"lazy\" decoding=\"async\" width=\"308\" height=\"308\" src=\"https:\/\/ombrandstudio.com\/wp-content\/uploads\/2025\/11\/Sin-titulo-10-1.png\" alt=\"\" class=\"wp-image-138\" style=\"width:50px;height:auto\" srcset=\"https:\/\/ombrandstudio.com\/wp-content\/uploads\/2025\/11\/Sin-titulo-10-1.png 308w, https:\/\/ombrandstudio.com\/wp-content\/uploads\/2025\/11\/Sin-titulo-10-1-300x300.png 300w, https:\/\/ombrandstudio.com\/wp-content\/uploads\/2025\/11\/Sin-titulo-10-1-150x150.png 150w\" sizes=\"auto, (max-width: 308px) 100vw, 308px\" \/><\/figure>\n\n\n\n<h3 class=\"wp-block-heading has-text-align-left\" style=\"margin-top:16px\">Dise\u00f1o Web&nbsp;<\/h3>\n\n\n\n<p class=\"has-text-align-left\">Dise\u00f1o webs que cuentan tu historia con claridad y belleza.<\/p>\n\n\n\n<p class=\"has-text-align-left\">P\u00e1ginas elegantes, funcionales y alineadas con tu marca, listas para enamorar y convertir.<\/p>\n<\/div>\n\n\n\n<div class=\"wp-block-column is-vertically-aligned-top is-layout-flow wp-container-core-column-is-layout-ce02884d wp-block-column-is-layout-flow\">\n<figure class=\"wp-block-image size-full is-resized\"><img loading=\"lazy\" decoding=\"async\" width=\"300\" height=\"300\" src=\"https:\/\/ombrandstudio.com\/wp-content\/uploads\/2025\/11\/Sin-titulo-11.png\" alt=\"\" class=\"wp-image-114\" style=\"width:50px;height:auto\" srcset=\"https:\/\/ombrandstudio.com\/wp-content\/uploads\/2025\/11\/Sin-titulo-11.png 300w, https:\/\/ombrandstudio.com\/wp-content\/uploads\/2025\/11\/Sin-titulo-11-150x150.png 150w\" sizes=\"auto, (max-width: 300px) 100vw, 300px\" \/><\/figure>\n\n\n\n<h3 class=\"wp-block-heading has-text-align-left\" style=\"margin-top:16px\">Redes Sociales<\/h3>\n\n\n\n<p class=\"has-text-align-left\">Haz que tu marca brille en redes con contenido profesional, coherente y alineado a tu estilo.<\/p>\n\n\n\n<p class=\"has-text-align-left\">Incluye estrategia, dise\u00f1o y gesti\u00f3n mensual opcional.<\/p>\n<\/div>\n<\/div>\n<\/div>\n\n\n\n<div class=\"wp-block-group alignfull is-layout-constrained wp-container-core-group-is-layout-45b0ac4f wp-block-group-is-layout-constrained\" id=\"services\" style=\"padding-top:144px;padding-bottom:0px\">\n<h2 class=\"wp-block-heading\">Servicios<\/h2>\n\n\n\n<div class=\"wp-block-columns is-layout-flex wp-container-core-columns-is-layout-60cbf9bb wp-block-columns-is-layout-flex\" style=\"margin-top:50px\">\n<div class=\"wp-block-column is-layout-flow wp-container-core-column-is-layout-6b73ce23 wp-block-column-is-layout-flow\">\n<figure class=\"wp-block-image size-full\"><img loading=\"lazy\" decoding=\"async\" width=\"928\" height=\"1232\" src=\"https:\/\/ombrandstudio.com\/wp-content\/uploads\/2025\/11\/musaart_beige_and_gold_luxury_branding_composition_minimalist_5d49bb41-888d-4876-8e07-dc51055f919a_0-1.png\" alt=\"\" class=\"wp-image-85\" srcset=\"https:\/\/ombrandstudio.com\/wp-content\/uploads\/2025\/11\/musaart_beige_and_gold_luxury_branding_composition_minimalist_5d49bb41-888d-4876-8e07-dc51055f919a_0-1.png 928w, https:\/\/ombrandstudio.com\/wp-content\/uploads\/2025\/11\/musaart_beige_and_gold_luxury_branding_composition_minimalist_5d49bb41-888d-4876-8e07-dc51055f919a_0-1-226x300.png 226w, https:\/\/ombrandstudio.com\/wp-content\/uploads\/2025\/11\/musaart_beige_and_gold_luxury_branding_composition_minimalist_5d49bb41-888d-4876-8e07-dc51055f919a_0-1-771x1024.png 771w, https:\/\/ombrandstudio.com\/wp-content\/uploads\/2025\/11\/musaart_beige_and_gold_luxury_branding_composition_minimalist_5d49bb41-888d-4876-8e07-dc51055f919a_0-1-768x1020.png 768w\" sizes=\"auto, (max-width: 928px) 100vw, 928px\" \/><\/figure>\n\n\n\n<h3 class=\"wp-block-heading\" style=\"margin-top:16px\"><strong>Branding &amp; Visual Desing<\/strong><\/h3>\n\n\n\n<p><strong>Construyo identidades visuales que hablan de ti: elegantes, coherentes y \u00fanicas.<\/strong><\/p>\n<\/div>\n\n\n\n<div class=\"wp-block-column is-layout-flow wp-container-core-column-is-layout-6b73ce23 wp-block-column-is-layout-flow\">\n<figure class=\"wp-block-image size-full\"><img loading=\"lazy\" decoding=\"async\" width=\"928\" height=\"1232\" src=\"https:\/\/ombrandstudio.com\/wp-content\/uploads\/2025\/11\/musaart_flatlay_of_elegant_editorial_design_mockups_beige_and_687c7f69-07da-4a36-8014-52a56160d2c1_3-2.png\" alt=\"\" class=\"wp-image-82\" srcset=\"https:\/\/ombrandstudio.com\/wp-content\/uploads\/2025\/11\/musaart_flatlay_of_elegant_editorial_design_mockups_beige_and_687c7f69-07da-4a36-8014-52a56160d2c1_3-2.png 928w, https:\/\/ombrandstudio.com\/wp-content\/uploads\/2025\/11\/musaart_flatlay_of_elegant_editorial_design_mockups_beige_and_687c7f69-07da-4a36-8014-52a56160d2c1_3-2-226x300.png 226w, https:\/\/ombrandstudio.com\/wp-content\/uploads\/2025\/11\/musaart_flatlay_of_elegant_editorial_design_mockups_beige_and_687c7f69-07da-4a36-8014-52a56160d2c1_3-2-771x1024.png 771w, https:\/\/ombrandstudio.com\/wp-content\/uploads\/2025\/11\/musaart_flatlay_of_elegant_editorial_design_mockups_beige_and_687c7f69-07da-4a36-8014-52a56160d2c1_3-2-768x1020.png 768w\" sizes=\"auto, (max-width: 928px) 100vw, 928px\" \/><\/figure>\n\n\n\n<h3 class=\"wp-block-heading\" style=\"margin-top:16px\"><strong>Storytelling &amp; Copywriting<\/strong><\/h3>\n\n\n\n<p><strong>Deja que tus palabras trabajen: textos que emocionan y convierten.<\/strong><\/p>\n<\/div>\n\n\n\n<div class=\"wp-block-column is-layout-flow wp-container-core-column-is-layout-6b73ce23 wp-block-column-is-layout-flow\">\n<figure class=\"wp-block-image size-full\"><img loading=\"lazy\" decoding=\"async\" width=\"928\" height=\"1232\" src=\"https:\/\/ombrandstudio.com\/wp-content\/uploads\/2025\/11\/musaart_elegant_beige_minimal_scene_with_open_notebook_golden_37178906-b3ca-4c02-9261-231dab06b597_1-1.png\" alt=\"\" class=\"wp-image-81\" srcset=\"https:\/\/ombrandstudio.com\/wp-content\/uploads\/2025\/11\/musaart_elegant_beige_minimal_scene_with_open_notebook_golden_37178906-b3ca-4c02-9261-231dab06b597_1-1.png 928w, https:\/\/ombrandstudio.com\/wp-content\/uploads\/2025\/11\/musaart_elegant_beige_minimal_scene_with_open_notebook_golden_37178906-b3ca-4c02-9261-231dab06b597_1-1-226x300.png 226w, https:\/\/ombrandstudio.com\/wp-content\/uploads\/2025\/11\/musaart_elegant_beige_minimal_scene_with_open_notebook_golden_37178906-b3ca-4c02-9261-231dab06b597_1-1-771x1024.png 771w, https:\/\/ombrandstudio.com\/wp-content\/uploads\/2025\/11\/musaart_elegant_beige_minimal_scene_with_open_notebook_golden_37178906-b3ca-4c02-9261-231dab06b597_1-1-768x1020.png 768w\" sizes=\"auto, (max-width: 928px) 100vw, 928px\" \/><\/figure>\n\n\n\n<h3 class=\"wp-block-heading\" style=\"margin-top:16px\"><strong>Dise\u00f1o Editorial Premium<\/strong><\/h3>\n\n\n\n<p><strong>Ebooks, planners y materiales visuales dise\u00f1ados para impactar.<\/strong><\/p>\n<\/div>\n<\/div>\n<\/div>\n\n\n\n<div class=\"wp-block-group alignfull has-ast-global-color-5-background-color has-background is-layout-constrained wp-container-core-group-is-layout-94d206d0 wp-block-group-is-layout-constrained\" id=\"about\" style=\"padding-top:143px;padding-bottom:144px\">\n<div class=\"wp-block-columns is-layout-flex wp-container-core-columns-is-layout-28f84493 wp-block-columns-is-layout-flex\">\n<div class=\"wp-block-column is-layout-flow wp-block-column-is-layout-flow\">\n<h2 class=\"wp-block-heading\"><strong>Te acompa\u00f1o a construir la marca que tu proyecto merece.<\/strong><\/h2>\n\n\n\n<p><strong>Dise\u00f1o, palabras y estrategia alineadas para que tu negocio se vea, se sienta y crezca como una marca profesional.<\/strong><\/p>\n\n\n\n<p><strong>Tu marca no es solo un logo: es una experiencia, una historia y una promesa. Yo te ayudo a dise\u00f1arla con intenci\u00f3n, emoci\u00f3n y estrategia.<\/strong><\/p>\n\n\n\n<p><strong>Desde la identidad visual hasta tus textos, tu web y tu embudo, creo contigo una presencia digital coherente, est\u00e9tica y que genere resultados.<\/strong><\/p>\n<\/div>\n\n\n\n<div class=\"wp-block-column is-layout-flow wp-block-column-is-layout-flow\">\n<figure class=\"wp-block-video\"><video height=\"1080\" style=\"aspect-ratio: 1080 \/ 1080;\" width=\"1080\" autoplay loop muted src=\"https:\/\/ombrandstudio.com\/wp-content\/uploads\/2025\/11\/social_musaart_con_la_paleta_de_estilo_de_la_foto_de_referencia_haz__a6219e3d-7183-4509-90ff-93e5b1086f7a_2.mp4\" playsinline><\/video><\/figure>\n<\/div>\n<\/div>\n<\/div>\n\n\n\n<div class=\"wp-block-group alignfull has-ast-global-color-4-background-color has-background is-layout-constrained wp-container-core-group-is-layout-6a2cfb7b wp-block-group-is-layout-constrained\" id=\"reviews\">\n<p class=\"has-text-align-center\" style=\"font-size:22px;line-height:1.6\"><strong>\u201cTrabajar con Olga es una experiencia transformadora. Su mezcla de sensibilidad, visi\u00f3n estrat\u00e9gica y creatividad convierte cualquier proyecto en una marca memorable.\u201d<\/strong><\/p>\n\n\n\n<p class=\"has-text-align-center\"><strong>Eloisa <\/strong><\/p>\n<\/div>\n\n\n\n<div class=\"wp-block-group alignfull is-layout-constrained wp-container-core-group-is-layout-f624e834 wp-block-group-is-layout-constrained\" id=\"whyus\" style=\"padding-top:144px;padding-bottom:144px\">\n<h2 class=\"wp-block-heading\">Por qu\u00e9 nosotros<\/h2>\n\n\n\n<div class=\"wp-block-columns is-layout-flex wp-container-core-columns-is-layout-29aadeec wp-block-columns-is-layout-flex\" style=\"margin-top:60px\">\n<div class=\"wp-block-column is-layout-flow wp-container-core-column-is-layout-6b73ce23 wp-block-column-is-layout-flow\">\n<figure class=\"wp-block-image size-full is-resized\"><img loading=\"lazy\" decoding=\"async\" width=\"317\" height=\"317\" src=\"https:\/\/ombrandstudio.com\/wp-content\/uploads\/2025\/11\/Sin-titulo-7.png\" alt=\"\" class=\"wp-image-113\" style=\"width:63px;height:auto\" srcset=\"https:\/\/ombrandstudio.com\/wp-content\/uploads\/2025\/11\/Sin-titulo-7.png 317w, https:\/\/ombrandstudio.com\/wp-content\/uploads\/2025\/11\/Sin-titulo-7-300x300.png 300w, https:\/\/ombrandstudio.com\/wp-content\/uploads\/2025\/11\/Sin-titulo-7-150x150.png 150w\" sizes=\"auto, (max-width: 317px) 100vw, 317px\" \/><\/figure>\n\n\n\n<h3 class=\"wp-block-heading\" style=\"margin-top:16px\"><strong>Pasi\u00f3n por las marcas<\/strong><\/h3>\n\n\n\n<p>Cada proyecto lo vivo como m\u00edo. Tu \u00e9xito es mi \u00e9xito.<\/p>\n<\/div>\n\n\n\n<div class=\"wp-block-column is-layout-flow wp-container-core-column-is-layout-6b73ce23 wp-block-column-is-layout-flow\">\n<figure class=\"wp-block-image size-full is-resized\"><img loading=\"lazy\" decoding=\"async\" width=\"300\" height=\"300\" src=\"https:\/\/ombrandstudio.com\/wp-content\/uploads\/2025\/11\/Sin-titulo-11.png\" alt=\"\" class=\"wp-image-114\" style=\"width:60px;height:auto\" srcset=\"https:\/\/ombrandstudio.com\/wp-content\/uploads\/2025\/11\/Sin-titulo-11.png 300w, https:\/\/ombrandstudio.com\/wp-content\/uploads\/2025\/11\/Sin-titulo-11-150x150.png 150w\" sizes=\"auto, (max-width: 300px) 100vw, 300px\" \/><\/figure>\n\n\n\n<h3 class=\"wp-block-heading\" style=\"margin-top:16px\"><strong>Profesionalidad real<\/strong><\/h3>\n\n\n\n<p><strong>M\u00e1s de 15 a\u00f1os creando proyectos visuales y digitales.<\/strong><\/p>\n<\/div>\n\n\n\n<div class=\"wp-block-column is-layout-flow wp-container-core-column-is-layout-6b73ce23 wp-block-column-is-layout-flow\">\n<figure class=\"wp-block-image size-full is-resized\"><img loading=\"lazy\" decoding=\"async\" width=\"307\" height=\"307\" src=\"https:\/\/ombrandstudio.com\/wp-content\/uploads\/2025\/11\/Sin-titulo-6-1.png\" alt=\"\" class=\"wp-image-115\" style=\"width:59px;height:auto\" srcset=\"https:\/\/ombrandstudio.com\/wp-content\/uploads\/2025\/11\/Sin-titulo-6-1.png 307w, https:\/\/ombrandstudio.com\/wp-content\/uploads\/2025\/11\/Sin-titulo-6-1-300x300.png 300w, https:\/\/ombrandstudio.com\/wp-content\/uploads\/2025\/11\/Sin-titulo-6-1-150x150.png 150w\" sizes=\"auto, (max-width: 307px) 100vw, 307px\" \/><\/figure>\n\n\n\n<h3 class=\"wp-block-heading\" style=\"margin-top:16px\"><strong>Acompa\u00f1amiento completo<\/strong><\/h3>\n\n\n\n<p><strong>Branding + copy + dise\u00f1o + automatizaci\u00f3n: todo conectado.<\/strong><\/p>\n<\/div>\n<\/div>\n<\/div>\n\n\n\n<div class=\"wp-block-group alignfull is-layout-flow wp-block-group-is-layout-flow\" id=\"contact\">\n<h2 class=\"wp-block-heading alignwide has-text-align-center\"><strong>\u00bfLista para construir una marca con alma, dise\u00f1o y estrategia?<\/strong><\/h2>\n\n\n\n<p class=\"has-text-align-center\"><strong>Hablemos de tu proyecto y d\u00e9jame ayudarte a elevar tu presencia digital.<\/strong><\/p>\n\n\n\n<div class=\"wp-block-buttons alignwide is-horizontal is-content-justification-center is-layout-flex wp-container-core-buttons-is-layout-bba8380a wp-block-buttons-is-layout-flex\" style=\"margin-top:50px\">\n<div class=\"wp-block-button is-style-fill\"><a class=\"wp-block-button__link has-background wp-element-button\" href=\"olga@ombrandstudio.com\" style=\"background-color:#b3afad\"><strong><strong>Quiero mi marca profesional<\/strong><\/strong><\/a><\/div>\n<\/div>\n<\/div>\n","protected":false},"excerpt":{"rendered":"<p>Construyo marcas que conectan, inspiran y venden. Branding, copywriting y dise\u00f1o con alma para emprendedoras y peque\u00f1as empresas que buscan [&hellip;]<\/p>\n","protected":false},"author":1,"featured_media":0,"parent":0,"menu_order":0,"comment_status":"closed","ping_status":"closed","template":"","meta":{"site-sidebar-layout":"no-sidebar","site-content-layout":"plain-container","ast-site-content-layout":"default","site-content-style":"default","site-sidebar-style":"default","ast-global-header-display":"","ast-banner-title-visibility":"","ast-main-header-display":"","ast-hfb-above-header-display":"","ast-hfb-below-header-display":"","ast-hfb-mobile-header-display":"","site-post-title":"disabled","ast-breadcrumbs-content":"","ast-featured-img":"","footer-sml-layout":"","theme-transparent-header-meta":"enabled","adv-header-id-meta":"","stick-header-meta":"","header-above-stick-meta":"","header-main-stick-meta":"","header-below-stick-meta":"","astra-migrate-meta-layouts":"default","ast-page-background-enabled":"default","ast-page-background-meta":{"desktop":{"background-color":"var(--ast-global-color-5)","background-image":"","background-repeat":"repeat","background-position":"center center","background-size":"auto","background-attachment":"scroll","background-type":"","background-media":"","overlay-type":"","overlay-color":"","overlay-opacity":"","overlay-gradient":""},"tablet":{"background-color":"","background-image":"","background-repeat":"repeat","background-position":"center center","background-size":"auto","background-attachment":"scroll","background-type":"","background-media":"","overlay-type":"","overlay-color":"","overlay-opacity":"","overlay-gradient":""},"mobile":{"background-color":"","background-image":"","background-repeat":"repeat","background-position":"center center","background-size":"auto","background-attachment":"scroll","background-type":"","background-media":"","overlay-type":"","overlay-color":"","overlay-opacity":"","overlay-gradient":""}},"ast-content-background-meta":{"desktop":{"background-color":"var(--ast-global-color-4)","background-image":"","background-repeat":"repeat","background-position":"center center","background-size":"auto","background-attachment":"scroll","background-type":"","background-media":"","overlay-type":"","overlay-color":"","overlay-opacity":"","overlay-gradient":""},"tablet":{"background-color":"var(--ast-global-color-4)","background-image":"","background-repeat":"repeat","background-position":"center center","background-size":"auto","background-attachment":"scroll","background-type":"","background-media":"","overlay-type":"","overlay-color":"","overlay-opacity":"","overlay-gradient":""},"mobile":{"background-color":"var(--ast-global-color-4)","background-image":"","background-repeat":"repeat","background-position":"center center","background-size":"auto","background-attachment":"scroll","background-type":"","background-media":"","overlay-type":"","overlay-color":"","overlay-opacity":"","overlay-gradient":""}},"footnotes":""},"class_list":["post-17","page","type-page","status-publish","hentry"],"_links":{"self":[{"href":"https:\/\/ombrandstudio.com\/index.php\/wp-json\/wp\/v2\/pages\/17","targetHints":{"allow":["GET"]}}],"collection":[{"href":"https:\/\/ombrandstudio.com\/index.php\/wp-json\/wp\/v2\/pages"}],"about":[{"href":"https:\/\/ombrandstudio.com\/index.php\/wp-json\/wp\/v2\/types\/page"}],"author":[{"embeddable":true,"href":"https:\/\/ombrandstudio.com\/index.php\/wp-json\/wp\/v2\/users\/1"}],"replies":[{"embeddable":true,"href":"https:\/\/ombrandstudio.com\/index.php\/wp-json\/wp\/v2\/comments?post=17"}],"version-history":[{"count":31,"href":"https:\/\/ombrandstudio.com\/index.php\/wp-json\/wp\/v2\/pages\/17\/revisions"}],"predecessor-version":[{"id":157,"href":"https:\/\/ombrandstudio.com\/index.php\/wp-json\/wp\/v2\/pages\/17\/revisions\/157"}],"wp:attachment":[{"href":"https:\/\/ombrandstudio.com\/index.php\/wp-json\/wp\/v2\/media?parent=17"}],"curies":[{"name":"wp","href":"https:\/\/api.w.org\/{rel}","templated":true}]}}